{"id":120,"date":"2019-04-24T13:37:28","date_gmt":"2019-04-24T11:37:28","guid":{"rendered":"http:\/\/pasapa.de\/?page_id=120"},"modified":"2024-03-14T21:41:42","modified_gmt":"2024-03-14T20:41:42","slug":"bne-nachhaltige-entwicklung","status":"publish","type":"page","link":"https:\/\/pasapa.de\/?page_id=120","title":{"rendered":"Auszeichnungen und F\u00f6rderungen"},"content":{"rendered":"\n<h1 class=\"wp-block-heading\">Neustart:Kultur-F\u00f6rderung<\/h1>\n\n\n\n<p>2022 erhielten wir zusammen mit dem Soziokulturellen Zentrum Athina e.V. und der Freien Feldlage (Gemeinschaft in der ehemaligen Heilst\u00e4tte) eine finanzielle Unterst\u00fctzung  vom Fonds Soziokultur. Das erm\u00f6glicht uns, die Zusammenarbeit zu vertiefen und Ideen und Veranstaltungen f\u00fcr Harzgerode zu entwickeln. <\/p>\n\n\n\n<figure class=\"wp-block-image size-large\"><img fetchpriority=\"high\" decoding=\"async\" width=\"1024\" height=\"131\" src=\"https:\/\/pasapa.de\/wp-content\/uploads\/2022\/05\/logopaket1-1-1024x131.png\" alt=\"\" class=\"wp-image-178\" srcset=\"https:\/\/pasapa.de\/wp-content\/uploads\/2022\/05\/logopaket1-1-1024x131.png 1024w, https:\/\/pasapa.de\/wp-content\/uploads\/2022\/05\/logopaket1-1-300x38.png 300w, https:\/\/pasapa.de\/wp-content\/uploads\/2022\/05\/logopaket1-1-768x98.png 768w, https:\/\/pasapa.de\/wp-content\/uploads\/2022\/05\/logopaket1-1-1536x196.png 1536w, https:\/\/pasapa.de\/wp-content\/uploads\/2022\/05\/logopaket1-1.png 1565w\" sizes=\"(max-width: 1024px) 100vw, 1024px\" \/><\/figure>\n\n\n\n<h1 class=\"wp-block-heading\">BNE: Nachhaltige Entwicklung<\/h1>\n\n\n\n<p><\/p>\n\n\n<p>pasapa Mensch und Beruf e.V. wurde im September 2017 als Lernort f\u00fcr die Bildung f\u00fcr nachhaltige Entwicklung (BNE) in der Stufe 2 ausgezeichnet; diese Auszeichnung wurde im Herbst 2019 erneuert.<\/p>\n<p>&nbsp;<\/p>\n<p><img decoding=\"async\" class=\"alignnone wp-image-148 size-full\" src=\"https:\/\/pasapa.de\/wp-content\/uploads\/2020\/06\/BNE_Auszeichnungen2019_LO_ST3.jpg\" alt=\"\" width=\"1004\" height=\"438\" srcset=\"https:\/\/pasapa.de\/wp-content\/uploads\/2020\/06\/BNE_Auszeichnungen2019_LO_ST3.jpg 1004w, https:\/\/pasapa.de\/wp-content\/uploads\/2020\/06\/BNE_Auszeichnungen2019_LO_ST3-300x131.jpg 300w, https:\/\/pasapa.de\/wp-content\/uploads\/2020\/06\/BNE_Auszeichnungen2019_LO_ST3-768x335.jpg 768w\" sizes=\"(max-width: 1004px) 100vw, 1004px\" \/><\/p>\n<p>Diese Auszeichnung hat uns enorm angespornt und unsere Aktivit\u00e4ten der Zukunftsbaustelle in Richtung der Bildung f\u00fcr nachhaltige Entwicklung verst\u00e4rkt.<\/p>\n<p>So sind Themen nachhaltiger Entwicklung in unsere t\u00e4glichen&nbsp; Morgenkreise eingeflossen, waren ma\u00dfgeblicher Bestandteil unserer Seminararbeit und haben uns in fast allen Alltagsfragen begleitet. Wir wissen sehr wohl dass auch bei uns in Sachen Nachhaltigkeit noch vieles zu verbessern ist, aber wir haben uns auf den Weg gemacht und werden diesen konsequent weiter beschreiten.<\/p>\n<p><img decoding=\"async\" class=\"alignnone wp-image-123 size-full\" src=\"http:\/\/pasapa.de\/wp-content\/uploads\/2019\/04\/csm_sustainable-development-goals-welthungerhilfe-united-nations_ca09a361a1.jpg\" alt=\"\" width=\"945\" height=\"532\" srcset=\"https:\/\/pasapa.de\/wp-content\/uploads\/2019\/04\/csm_sustainable-development-goals-welthungerhilfe-united-nations_ca09a361a1.jpg 945w, https:\/\/pasapa.de\/wp-content\/uploads\/2019\/04\/csm_sustainable-development-goals-welthungerhilfe-united-nations_ca09a361a1-300x169.jpg 300w, https:\/\/pasapa.de\/wp-content\/uploads\/2019\/04\/csm_sustainable-development-goals-welthungerhilfe-united-nations_ca09a361a1-768x432.jpg 768w\" sizes=\"(max-width: 945px) 100vw, 945px\" \/><\/p>\n<h4>BNE und Jugendhilfe<\/h4>\n<p>Bislang sind Themen wie oder nachhaltige Entwicklung in der Jugendhilfe noch nicht sonderlich stark pr\u00e4sent.&nbsp; Das \u00e4u\u00dfert sich in vielen Bereichen, unter anderem in den Kostens\u00e4tzen f\u00fcr die Verpflegung der Jugendlichen. Mit 5,50 Euro pro Tag insgesamt ist eine auf Nachhaltigkeit ausgerichtete Verpflegung praktisch nicht zu machen. Und es ist eine p\u00e4dagogische Herausforderung, den Jugendlichen zu erkl\u00e4ren, wieso nur das Billigste an Lebensmitteln gekauft werden darf bei unserem inhaltlichen Anspruch nachhaltiger Entwicklung. Hier ist unter anderem auch politische Arbeit notwendig.<\/p>\n<p>Die von der UNO entwickelten 17 &#8222;Ziele f\u00fcr nachhaltige Entwicklung&#8220; (englisch &#8222;Sustainable Development Goals&#8220;, kurz SDG&#8217;s) und das Weltaktionsprogramm zur Bildung f\u00fcr nachhaltige Entwicklung waren uns sind uns dabei entscheidende Leitlinien.<\/p>\n<h4>SDG Pilotprojekt 2018<\/h4>\n<p>Zusammen mit den bei uns teilnehmenden Jugendlichen arbeiteten wir in 2018 als Pilotprojekt an den Themen der SDG&#8217;s, indem wir uns einerseits theoretisch mit den Fragen besch\u00e4ftigten (z.B.: &#8222;Was genau ist eigentlich Armut?&#8220; oder&nbsp; &#8222;Wo hast du schon einmal Armut erlebt?&#8220;), dabei aber immer den Bezug zum eigenen Leben herstellten. Andererseits gab es praktische Herausforderungen: Die SDG&#8217;s sollten im Format 125&#215;125 cm auf LKW-Planen gespr\u00fcht werden. Dazu mussten aus den verf\u00fcgbaren Vorlagen im DIN A4-Format Schablonen in der passenden Gr\u00f6\u00dfe gefertigt werden und das Ganze dann ma\u00dfstabsgetreu auf die Planen gebracht werden. Ergebnis: Die ersten 4 SDG&#8217;s zieren inzwischen unseren Innenhof. die \u00fcbrigen 12 sollen 2019\/20 folgen.<\/p>\n<pre><img loading=\"lazy\" decoding=\"async\" class=\"alignleft wp-image-134 size-thumbnail\" src=\"http:\/\/pasapa.de\/wp-content\/uploads\/2019\/04\/SDG_Arbeit-150x150.jpg\" alt=\"\" width=\"150\" height=\"150\" srcset=\"https:\/\/pasapa.de\/wp-content\/uploads\/2019\/04\/SDG_Arbeit-150x150.jpg 150w, https:\/\/pasapa.de\/wp-content\/uploads\/2019\/04\/SDG_Arbeit-300x300.jpg 300w, https:\/\/pasapa.de\/wp-content\/uploads\/2019\/04\/SDG_Arbeit-768x768.jpg 768w, https:\/\/pasapa.de\/wp-content\/uploads\/2019\/04\/SDG_Arbeit-1024x1024.jpg 1024w, https:\/\/pasapa.de\/wp-content\/uploads\/2019\/04\/SDG_Arbeit-100x100.jpg 100w, https:\/\/pasapa.de\/wp-content\/uploads\/2019\/04\/SDG_Arbeit.jpg 1596w\" sizes=\"(max-width: 150px) 100vw, 150px\" \/>&nbsp;&nbsp;&nbsp; <img loading=\"lazy\" decoding=\"async\" class=\"alignnone wp-image-124\" src=\"http:\/\/pasapa.de\/wp-content\/uploads\/2019\/04\/DSC_0012-300x169.jpg\" alt=\"\" width=\"274\" height=\"154\" srcset=\"https:\/\/pasapa.de\/wp-content\/uploads\/2019\/04\/DSC_0012-300x169.jpg 300w, https:\/\/pasapa.de\/wp-content\/uploads\/2019\/04\/DSC_0012-768x432.jpg 768w, https:\/\/pasapa.de\/wp-content\/uploads\/2019\/04\/DSC_0012-1024x576.jpg 1024w\" sizes=\"(max-width: 274px) 100vw, 274px\" \/><\/pre>\n<h4>SDG Projekt 2019\/2020<\/h4>\n<p>F\u00fcr die Zeit ab Juni 2019 haben wir uns vorgenommen, in Sachen Bildung f\u00fcr nachhaltige Entwicklung noch einmal einen Gang h\u00f6her zu schalten und dabei den Bezug zum WEltaktionsprogramm weiter zu intensivieren.<br \/>Auf der Grundlage des Pilotprojektes 2018 ist geplant,&nbsp; ein ganzes Jahr inhaltlicher, praktischer und kultureller Arbeit an den 17 Zielen f\u00fcr nachhaltige Entwicklung auszurichten. Jedes der Ziele wird dabei einen Zeitraum von 2-3 Wochen einnehmen und sowohl die theoretische wie praktische Auseinandersetzung mit den Themen der SDG&#8217;s beinhalten. Jeder Abschnitt soll in einem \u00f6ffentlichen Event gipfeln (ein Flashmob auf dem Marktplatz, eine Aktion in der \u00f6rtlichen Schule, eine Umfrage in der Stadt usw.).<\/p>\n<p>Ziel ist es, die \u00f6ffentliche Diskussion zum Thema Nachhaltigkeit im Allgemeinen und zur Bildung f\u00fcr nachhaltige Entwicklung im Speziellen anzuregen und zu einer festen Gr\u00f6\u00dfe im Bewusstsein insbesondere der jungen Generation zu machen. Die Zusammenarbeit mit den Schulen in Harzgerode ist dabei ein wichtiger Bereich.<\/p>","protected":false},"excerpt":{"rendered":"<p>Neustart:Kultur-F\u00f6rderung 2022 erhielten wir zusammen mit dem Soziokulturellen Zentrum Athina e.V. und der Freien Feldlage (Gemeinschaft in der ehemaligen Heilst\u00e4tte) eine finanzielle Unterst\u00fctzung vom Fonds Soziokultur. Das erm\u00f6glicht uns, die Zusammenarbeit zu vertiefen und Ideen und Veranstaltungen f\u00fcr Harzgerode zu entwickeln. BNE: Nachhaltige Entwicklung pasapa Mensch und Beruf e.V. wurde im September 2017 als Lernort &hellip; <\/p>\n<p class=\"link-more\"><a href=\"https:\/\/pasapa.de\/?page_id=120\" class=\"more-link\">Mehr <span class=\"screen-reader-text\">\u00fcber &#8222;Auszeichnungen und F\u00f6rderungen&#8220; <\/span>Lesen<\/a><\/p>\n","protected":false},"author":1,"featured_media":0,"parent":0,"menu_order":0,"comment_status":"closed","ping_status":"closed","template":"","meta":{"footnotes":""},"class_list":["post-120","page","type-page","status-publish","hentry"],"_links":{"self":[{"href":"https:\/\/pasapa.de\/index.php?rest_route=\/wp\/v2\/pages\/120","targetHints":{"allow":["GET"]}}],"collection":[{"href":"https:\/\/pasapa.de\/index.php?rest_route=\/wp\/v2\/pages"}],"about":[{"href":"https:\/\/pasapa.de\/index.php?rest_route=\/wp\/v2\/types\/page"}],"author":[{"embeddable":true,"href":"https:\/\/pasapa.de\/index.php?rest_route=\/wp\/v2\/users\/1"}],"replies":[{"embeddable":true,"href":"https:\/\/pasapa.de\/index.php?rest_route=%2Fwp%2Fv2%2Fcomments&post=120"}],"version-history":[{"count":13,"href":"https:\/\/pasapa.de\/index.php?rest_route=\/wp\/v2\/pages\/120\/revisions"}],"predecessor-version":[{"id":1023,"href":"https:\/\/pasapa.de\/index.php?rest_route=\/wp\/v2\/pages\/120\/revisions\/1023"}],"wp:attachment":[{"href":"https:\/\/pasapa.de\/index.php?rest_route=%2Fwp%2Fv2%2Fmedia&parent=120"}],"curies":[{"name":"wp","href":"https:\/\/api.w.org\/{rel}","templated":true}]}}