{"id":340,"date":"2024-02-20T16:21:47","date_gmt":"2024-02-20T15:21:47","guid":{"rendered":"https:\/\/pasapa.de\/?page_id=340"},"modified":"2024-03-15T15:11:37","modified_gmt":"2024-03-15T14:11:37","slug":"arbeitspraxis","status":"publish","type":"page","link":"https:\/\/pasapa.de\/?page_id=340","title":{"rendered":"Arbeitspraxis"},"content":{"rendered":"\t\t<div data-elementor-type=\"wp-page\" data-elementor-id=\"340\" class=\"elementor elementor-340\">\n\t\t\t\t\t\t<section class=\"elementor-section elementor-top-section elementor-element elementor-element-4b538404 elementor-section-boxed elementor-section-height-default elementor-section-height-default\" data-id=\"4b538404\" data-element_type=\"section\">\n\t\t\t\t\t\t<div class=\"elementor-container elementor-column-gap-default\">\n\t\t\t\t\t<div class=\"elementor-column elementor-col-100 elementor-top-column elementor-element elementor-element-4d54f94f\" data-id=\"4d54f94f\" data-element_type=\"column\">\n\t\t\t<div class=\"elementor-widget-wrap elementor-element-populated\">\n\t\t\t\t\t\t<div class=\"elementor-element elementor-element-2a4d1a31 elementor-widget elementor-widget-text-editor\" data-id=\"2a4d1a31\" data-element_type=\"widget\" data-widget_type=\"text-editor.default\">\n\t\t\t\t<div class=\"elementor-widget-container\">\n\t\t\t\t\t\t\t\t\t<p><\/p>\n<p><strong>Arbeitspraktischer Bereich<br \/><\/strong><\/p>\n<p><\/p>\n<p><\/p>\n<p>Montags bei Freitags von 7:30 Uhr bis 15:30 Uhr ist der Zeitraum f\u00fcr den arbeitspraktischen Bereich.<\/p>\n<p>Das Ziel ist es, dass du dich in diversen Bereichen ausprobierst und dir und uns unter Beweis stellst, dass du zu einer Voll- oder Teilzeitarbeit bereit und imstande bist. Sobald das gut l\u00e4uft, vermitteln wir Taschengeldjobs, externe Praktika, eventuell Schulabschl\u00fcsse, eine Ausbildung oder Minijobs beziehungsweise sozialversicherungspflichtige Jobs.<\/p>\n<p>Derzeit bieten wir dir hier unterst\u00fctzende und von uns unterst\u00fctzte Besch\u00e4ftigungen in folgenden Bereichen:<\/p>\n<p><strong>Im Baubereich:<\/strong><\/p>\n<p><\/p>\n<ul>\n<li>Zimmererarbeiten<\/li>\n<li>Sanit\u00e4rarbeiten<\/li>\n<li>vorbereitende Elektroinstallation<\/li>\n<li>Trockenbau, Innenausbau<\/li>\n<li>Malerarbeiten<\/li>\n<li>Erdarbeiten<\/li>\n<li>Abrissarbeiten<\/li>\n<li>Holzarbeiten (Brennholzgewinnung und -verarbeitung)<\/li>\n<\/ul>\n<div>\n<p><strong>In der K\u00fcche:<\/strong><\/p>\n<ul>\n<li>Rezeptideen entwickeln<\/li>\n<li>Vor- und Zubereitung der Mahlzeiten<\/li>\n<li>Mitwirkung bei den Eink\u00e4ufen<\/li>\n<li>Nachbereitung der Mahlzeiten<\/li>\n<\/ul>\n<\/div>\n<div>\n<p>I<b>n den G\u00e4rten und auf den Grundst\u00fccken:<\/b><\/p>\n<ul>\n<li>Rasenm\u00e4hen<\/li>\n<li>Beetpflege<\/li>\n<li>Gehwegpflege<\/li>\n<li>Anpflanzungen<\/li>\n<li>Strauchbeschnitt<\/li>\n<li>H\u00e4ckselarbeiten<\/li>\n<li>Kompostarbeiten<\/li>\n<li>Winterdienst<\/li>\n<\/ul>\n<\/div>\n<div>\n<p><b>In der Hauswirtschaft:<\/b><\/p>\n<ul>\n<li>Reinigung der R\u00e4ume<\/li>\n<li>Fensterreinigung<\/li>\n<li>W\u00e4schepflege<\/li>\n<\/ul>\n<\/div>\n<p>\u00a0<\/p>\n<p><\/p>\t\t\t\t\t\t\t\t<\/div>\n\t\t\t\t<\/div>\n\t\t\t\t\t<\/div>\n\t\t<\/div>\n\t\t\t\t\t<\/div>\n\t\t<\/section>\n\t\t\t\t<\/div>\n\t\t","protected":false},"excerpt":{"rendered":"<p>Arbeitspraktischer Bereich Montags bei Freitags von 7:30 Uhr bis 15:30 Uhr ist der Zeitraum f\u00fcr den arbeitspraktischen Bereich. Das Ziel ist es, dass du dich in diversen Bereichen ausprobierst und dir und uns unter Beweis stellst, dass du zu einer Voll- oder Teilzeitarbeit bereit und imstande bist. Sobald das gut l\u00e4uft, vermitteln wir Taschengeldjobs, externe &hellip; <\/p>\n<p class=\"link-more\"><a href=\"https:\/\/pasapa.de\/?page_id=340\" class=\"more-link\">Mehr <span class=\"screen-reader-text\">\u00fcber &#8222;Arbeitspraxis&#8220; <\/span>Lesen<\/a><\/p>\n","protected":false},"author":1,"featured_media":0,"parent":0,"menu_order":0,"comment_status":"closed","ping_status":"closed","template":"","meta":{"footnotes":""},"class_list":["post-340","page","type-page","status-publish","hentry"],"_links":{"self":[{"href":"https:\/\/pasapa.de\/index.php?rest_route=\/wp\/v2\/pages\/340","targetHints":{"allow":["GET"]}}],"collection":[{"href":"https:\/\/pasapa.de\/index.php?rest_route=\/wp\/v2\/pages"}],"about":[{"href":"https:\/\/pasapa.de\/index.php?rest_route=\/wp\/v2\/types\/page"}],"author":[{"embeddable":true,"href":"https:\/\/pasapa.de\/index.php?rest_route=\/wp\/v2\/users\/1"}],"replies":[{"embeddable":true,"href":"https:\/\/pasapa.de\/index.php?rest_route=%2Fwp%2Fv2%2Fcomments&post=340"}],"version-history":[{"count":45,"href":"https:\/\/pasapa.de\/index.php?rest_route=\/wp\/v2\/pages\/340\/revisions"}],"predecessor-version":[{"id":1107,"href":"https:\/\/pasapa.de\/index.php?rest_route=\/wp\/v2\/pages\/340\/revisions\/1107"}],"wp:attachment":[{"href":"https:\/\/pasapa.de\/index.php?rest_route=%2Fwp%2Fv2%2Fmedia&parent=340"}],"curies":[{"name":"wp","href":"https:\/\/api.w.org\/{rel}","templated":true}]}}