{"id":75,"date":"2018-06-08T19:26:43","date_gmt":"2018-06-08T17:26:43","guid":{"rendered":"http:\/\/pasapa.de\/?page_id=75"},"modified":"2025-12-18T09:50:52","modified_gmt":"2025-12-18T08:50:52","slug":"impressum","status":"publish","type":"page","link":"https:\/\/pasapa.de\/?page_id=75","title":{"rendered":"Impressum"},"content":{"rendered":"\t\t<div data-elementor-type=\"wp-page\" data-elementor-id=\"75\" class=\"elementor elementor-75\">\n\t\t\t\t\t\t<section class=\"elementor-section elementor-top-section elementor-element elementor-element-35f4b97e elementor-section-boxed elementor-section-height-default elementor-section-height-default\" data-id=\"35f4b97e\" data-element_type=\"section\">\n\t\t\t\t\t\t<div class=\"elementor-container elementor-column-gap-default\">\n\t\t\t\t\t<div class=\"elementor-column elementor-col-100 elementor-top-column elementor-element elementor-element-5d62f74e\" data-id=\"5d62f74e\" data-element_type=\"column\">\n\t\t\t<div class=\"elementor-widget-wrap elementor-element-populated\">\n\t\t\t\t\t\t<div class=\"elementor-element elementor-element-553c347c elementor-widget elementor-widget-text-editor\" data-id=\"553c347c\" data-element_type=\"widget\" data-widget_type=\"text-editor.default\">\n\t\t\t\t<div class=\"elementor-widget-container\">\n\t\t\t\t\t\t\t\t\t<div class=\"field field--name-body field--type-text-with-summary field--label-hidden field__item\"><p>Pasapa Mensch und Beruf e.V.<br \/>vertreten durch Nadine Hartung und Stephan G\u00f6dicke<br \/>Oberstra\u00dfe 16<br \/>D 06493 Harzgerode<br \/>Telefon 039484 \u00a0799 6-0<br \/>Telefon Wohnheim 7996 -20<br \/>Email:<a href=\"mailto:info@pasapa.de\"> info@pasapa.de<\/a><\/p><p>Website: <a href=\"http:\/\/www.pasapa.de\">www.pasapa.de<\/a><\/p><p>Eingetragen im Vereinsregister Amtsgericht Stendal VR 4451<\/p><p>Verantwortlich im Sinne des Medienstaatsvertrages: Nadine Hartung<\/p><p><strong>Copyright:<\/strong><br \/>Die Inhalte dieser Webseite dienen ausschlie\u00dflich der Information. Alle auf www.pasapa.de ver\u00f6ffentlichten Texte, Bilder, Grafiken und Dokumente sind dem Schutz des Urheberrechts unterstellt. Das Copyright liegt bei pasapa e.V. und teilweise bei Dritten. Die Vervielf\u00e4ltigung dieser Objekte ist ohne schriftliche Zustimmung von pasapa e.V. nicht gestattet.<\/p><p><strong>Haftungsausschluss:<\/strong><br \/>Die Inhalte dieser Webseiten sind sorgf\u00e4ltig recherchiert und \u00fcberpr\u00fcft. F\u00fcr die Aktualit\u00e4t, Vollst\u00e4ndigkeit und Richtigkeit der bereitgestellten Informationen \u00fcbernimmt pasapa e.V. keine Haftung. Trotz sorgf\u00e4ltiger Kontrolle der Websites, auf die von www.pasapa.de aus direkt oder indirekt hingewiesen wird, kann keine Haftung f\u00fcr externe Links \u00fcbernommen werden. F\u00fcr den Inhalt der extern verlinkten Seiten sind ausschlie\u00dflich deren Betreiber verantwortlich.<\/p><\/div>\t\t\t\t\t\t\t\t<\/div>\n\t\t\t\t<\/div>\n\t\t\t\t<div class=\"elementor-element elementor-element-3c0138d elementor-widget elementor-widget-spacer\" data-id=\"3c0138d\" data-element_type=\"widget\" data-widget_type=\"spacer.default\">\n\t\t\t\t<div class=\"elementor-widget-container\">\n\t\t\t\t\t\t\t<div class=\"elementor-spacer\">\n\t\t\t<div class=\"elementor-spacer-inner\"><\/div>\n\t\t<\/div>\n\t\t\t\t\t\t<\/div>\n\t\t\t\t<\/div>\n\t\t\t\t<div class=\"elementor-element elementor-element-05393ea elementor-widget elementor-widget-spacer\" data-id=\"05393ea\" data-element_type=\"widget\" data-widget_type=\"spacer.default\">\n\t\t\t\t<div class=\"elementor-widget-container\">\n\t\t\t\t\t\t\t<div class=\"elementor-spacer\">\n\t\t\t<div class=\"elementor-spacer-inner\"><\/div>\n\t\t<\/div>\n\t\t\t\t\t\t<\/div>\n\t\t\t\t<\/div>\n\t\t\t\t\t<\/div>\n\t\t<\/div>\n\t\t\t\t\t<\/div>\n\t\t<\/section>\n\t\t\t\t<\/div>\n\t\t","protected":false},"excerpt":{"rendered":"<p>Pasapa Mensch und Beruf e.V.vertreten durch Nadine Hartung und Stephan G\u00f6dickeOberstra\u00dfe 16D 06493 HarzgerodeTelefon 039484 \u00a0799 6-0Telefon Wohnheim 7996 -20Email: info@pasapa.de Website: www.pasapa.de Eingetragen im Vereinsregister Amtsgericht Stendal VR 4451 Verantwortlich im Sinne des Medienstaatsvertrages: Nadine Hartung Copyright:Die Inhalte dieser Webseite dienen ausschlie\u00dflich der Information. Alle auf www.pasapa.de ver\u00f6ffentlichten Texte, Bilder, Grafiken und Dokumente sind &hellip; <\/p>\n<p class=\"link-more\"><a href=\"https:\/\/pasapa.de\/?page_id=75\" class=\"more-link\">Mehr <span class=\"screen-reader-text\">\u00fcber &#8222;Impressum&#8220; <\/span>Lesen<\/a><\/p>\n","protected":false},"author":1,"featured_media":0,"parent":0,"menu_order":0,"comment_status":"closed","ping_status":"closed","template":"","meta":{"footnotes":""},"class_list":["post-75","page","type-page","status-publish","hentry"],"_links":{"self":[{"href":"https:\/\/pasapa.de\/index.php?rest_route=\/wp\/v2\/pages\/75","targetHints":{"allow":["GET"]}}],"collection":[{"href":"https:\/\/pasapa.de\/index.php?rest_route=\/wp\/v2\/pages"}],"about":[{"href":"https:\/\/pasapa.de\/index.php?rest_route=\/wp\/v2\/types\/page"}],"author":[{"embeddable":true,"href":"https:\/\/pasapa.de\/index.php?rest_route=\/wp\/v2\/users\/1"}],"replies":[{"embeddable":true,"href":"https:\/\/pasapa.de\/index.php?rest_route=%2Fwp%2Fv2%2Fcomments&post=75"}],"version-history":[{"count":24,"href":"https:\/\/pasapa.de\/index.php?rest_route=\/wp\/v2\/pages\/75\/revisions"}],"predecessor-version":[{"id":1193,"href":"https:\/\/pasapa.de\/index.php?rest_route=\/wp\/v2\/pages\/75\/revisions\/1193"}],"wp:attachment":[{"href":"https:\/\/pasapa.de\/index.php?rest_route=%2Fwp%2Fv2%2Fmedia&parent=75"}],"curies":[{"name":"wp","href":"https:\/\/api.w.org\/{rel}","templated":true}]}}